{"id":196,"date":"2023-04-16T05:48:34","date_gmt":"2023-04-16T05:48:34","guid":{"rendered":"http:\/\/www.keminrengaspalvelu.com\/keminsuu\/?page_id=196"},"modified":"2026-03-20T18:08:46","modified_gmt":"2026-03-20T18:08:46","slug":"tietosuoja","status":"publish","type":"page","link":"http:\/\/www.keminrengaspalvelu.com\/keminsuu\/tietosuoja\/","title":{"rendered":"Tietosuojaseloste"},"content":{"rendered":"\t\t<div data-elementor-type=\"wp-page\" data-elementor-id=\"196\" class=\"elementor elementor-196\">\n\t\t\t\t\t\t<section class=\"elementor-section elementor-top-section elementor-element elementor-element-b2bda20 elementor-section-boxed elementor-section-height-default elementor-section-height-default\" data-id=\"b2bda20\" data-element_type=\"section\" data-e-type=\"section\" data-settings=\"{&quot;background_background&quot;:&quot;classic&quot;}\">\n\t\t\t\t\t\t<div class=\"elementor-container elementor-column-gap-default\">\n\t\t\t\t\t<div class=\"elementor-column elementor-col-100 elementor-top-column elementor-element elementor-element-1a852e0\" data-id=\"1a852e0\" data-element_type=\"column\" data-e-type=\"column\">\n\t\t\t<div class=\"elementor-widget-wrap elementor-element-populated\">\n\t\t\t\t\t\t<div class=\"elementor-element elementor-element-719675a elementor-widget elementor-widget-heading\" data-id=\"719675a\" data-element_type=\"widget\" data-e-type=\"widget\" data-widget_type=\"heading.default\">\n\t\t\t\t<div class=\"elementor-widget-container\">\n\t\t\t\t\t<h2 class=\"elementor-heading-title elementor-size-default\">Tietosuojaseloste ja ev\u00e4steet<\/h2>\t\t\t\t<\/div>\n\t\t\t\t<\/div>\n\t\t\t\t<div class=\"elementor-element elementor-element-5616ace elementor-widget-divider--view-line elementor-widget elementor-widget-divider\" data-id=\"5616ace\" data-element_type=\"widget\" data-e-type=\"widget\" data-widget_type=\"divider.default\">\n\t\t\t\t<div class=\"elementor-widget-container\">\n\t\t\t\t\t\t\t<div class=\"elementor-divider\">\n\t\t\t<span class=\"elementor-divider-separator\">\n\t\t\t\t\t\t<\/span>\n\t\t<\/div>\n\t\t\t\t\t\t<\/div>\n\t\t\t\t<\/div>\n\t\t\t\t<div class=\"elementor-element elementor-element-ac67a65 elementor-widget elementor-widget-spacer\" data-id=\"ac67a65\" data-element_type=\"widget\" data-e-type=\"widget\" data-widget_type=\"spacer.default\">\n\t\t\t\t<div class=\"elementor-widget-container\">\n\t\t\t\t\t\t\t<div class=\"elementor-spacer\">\n\t\t\t<div class=\"elementor-spacer-inner\"><\/div>\n\t\t<\/div>\n\t\t\t\t\t\t<\/div>\n\t\t\t\t<\/div>\n\t\t\t\t<div class=\"elementor-element elementor-element-e86b78b elementor-widget elementor-widget-text-editor\" data-id=\"e86b78b\" data-element_type=\"widget\" data-e-type=\"widget\" data-widget_type=\"text-editor.default\">\n\t\t\t\t<div class=\"elementor-widget-container\">\n\t\t\t\t\t\t\t\t\t<p>EU:n yleisen tietosuoja-asetuksen 2016\/679 13 artiklan mukainen seloste<\/p>\n<p>P\u00e4ivitetty 20.3.2026<\/p>\n<p><strong>1. Rekisteri<\/strong><\/p>\n<p>keminsuunauto.fi-verkkosivujen palaute ja yhteydenotto<\/p>\n<p><strong>2. Rekisterinpit\u00e4j\u00e4<\/strong><\/p>\n<p>Kemin Rengaspalvelu Oy \/ Keminsuun Auto<\/p>\n<p><strong>3. Yhteyshenkil\u00f6 rekisteri\u00e4 koskevissa asioissa<\/strong><\/p>\n<p>Jari Korpi<br>Teollisuuskyl\u00e4nraitti 21, 94450 Keminmaa, puhelinvaihde 0404845757<\/p>\n<p><strong>4. Henkil\u00f6tietojen k\u00e4sittelyn tarkoitus ja k\u00e4sittelyn oikeusperuste<\/strong><\/p>\n<p>Palautelomakkeiden tarkoitus on tarjota mahdollisuus ottaa yhteytt\u00e4 ja antaa palautetta keminsuunauto.<br>fi verkkopalveluun liittyvist\u00e4 asioista. Lomakkeilla kysyt\u00e4\u00e4n palautteen l\u00e4hett\u00e4j\u00e4n<br>yhteystiedot palautteen k\u00e4sittely\u00e4 varten, mutta viestin voi l\u00e4hett\u00e4\u00e4 my\u00f6s anonyymisti.<\/p>\n<p>Henkil\u00f6tietoja k\u00e4sitell\u00e4\u00e4n henkil\u00f6tietolain sallimissa ja edellytt\u00e4miss\u00e4 rajoissa.<br>EU:n yleinen tietosuoja-asetus 6 artikla kohta e<\/p>\n<p><strong>5. Rekisterin tietosis\u00e4lt\u00f6<\/strong><\/p>\n<p>Lomakkeelta tallennetaan ne yhteystiedot (nimi, s\u00e4hk\u00f6postiosoite, puhelinnumero), jotka palautteen<br>l\u00e4hett\u00e4j\u00e4 on ilmoittanut sek\u00e4 palaute.<\/p>\n<p><strong>6. S\u00e4\u00e4nn\u00f6nmukaiset tietol\u00e4hteet<\/strong><\/p>\n<p>Tiedot saadaan p\u00e4\u00e4s\u00e4\u00e4nt\u00f6isesti palautteen l\u00e4hett\u00e4jilt\u00e4 itselt\u00e4\u00e4n. Tietoja tallennetaan vain keminsuunauto.<br>fi -verkkopalvelun palautelomakkeiden l\u00e4hett\u00e4misen yhteydess\u00e4.<\/p>\n<p><strong>7. Tietojen s\u00e4\u00e4nn\u00f6nmukaiset luovutukset<\/strong><\/p>\n<p>Tietoja ei luovuteta s\u00e4\u00e4nn\u00f6nmukaisesti organisaation ulkopuolelle. Yksitt\u00e4inen viesti luovutetaan<br>vain niille Keminsuun Auton ty\u00f6ntekij\u00f6ille, joiden asiantuntemusta palautteeseen vastaamiseen<br>tarvitaan tai joille palaute on osoitettu. Tietoja kerrotaan tai luovutetaan ulkopuolisille vain lakiin<br>perustuvan ilmoitusvelvollisuuden johdosta.<\/p>\n<p><strong>8. Tietojen siirto EU:n tai EFTA:n ulkopuolelle<\/strong><\/p>\n<p>Henkil\u00f6tietoja ei siirret\u00e4 EU:n tai EFTA:n ulkopuolelle.<\/p>\n<p><strong>9. Tietojen s\u00e4ilytysaika<\/strong><\/p>\n<p>Palautelomakkeilla tehdyiss\u00e4 yhteydenotoissa ilmoitettujen henkil\u00f6tietojen s\u00e4ilytysaika on 5 vuotta.<\/p>\n<p><strong>10. Rekisterin suojauksen periaatteet<\/strong><\/p>\n<p>\u2022 Manuaalinen aineisto: S\u00e4hk\u00f6isess\u00e4 muodossa oleva palaute tulostetaan vain tarvittaessa.<br>Paperitulosteet tuhotaan v\u00e4litt\u00f6m\u00e4sti k\u00e4sittelyn j\u00e4lkeen. Manuaalista aineistoa k\u00e4sitell\u00e4\u00e4n<br>lukituissa tiloissa, joihin on rajattu p\u00e4\u00e4sy.<\/p>\n<p>\u2022 S\u00e4hk\u00f6inen aineisto: Saapuneiden palautteiden luku-, l\u00e4hetys- ja poistamisoikeudet on rajattu<br>vain verkkopalvelusta vastaaville ty\u00f6ntekij\u00f6ille. Rekisterinpit\u00e4j\u00e4n tietoverkko ja laitteisto,<br>jolla rekisteri sijaitsee, on suojattu normaalisti k\u00e4yt\u00f6ss\u00e4 olevilla teknisill\u00e4<br>suojausmenetelmill\u00e4. Rekisterin k\u00e4ytt\u00f6oikeus edellytt\u00e4\u00e4 henkil\u00f6kohtaista k\u00e4ytt\u00e4j\u00e4tunnusta ja<br>salasanaa, jotka my\u00f6nnet\u00e4\u00e4n ainoastaan jak-kuljetus.fi -verkkopalvelusta vastaaville<br>ty\u00f6ntekij\u00f6ille.<\/p>\n<p>Rekisterinpit\u00e4j\u00e4n toimitiloissa harjoitetaan kulunvalvontaa.<\/p>\n<p><strong>11. Rekister\u00f6idyn oikeudet<\/strong><\/p>\n<p>Rekister\u00f6idyll\u00e4 on oikeus tarkastaa h\u00e4nest\u00e4 rekisteriin merkityt tiedot, vaatia virheellisen tiedon<br>oikaisua sek\u00e4 muutoinkin turvautua laissa turvattuihin oikeuksiinsa. Henkil\u00f6tietojen k\u00e4sittely<br>perustuu rekister\u00f6idyn antamaan suostumukseen ja rekister\u00f6idyll\u00e4 on oikeus milloin tahansa perua<br>antamansa suostumus sek\u00e4 pyyt\u00e4\u00e4 kyseisten tietojen poistamista.<\/p>\n<p>Henkil\u00f6n, joka haluaa tarkastaa, korjata tai poistaa itse\u00e4\u00e4n koskevat tiedot, on esitett\u00e4v\u00e4 t\u00e4t\u00e4<br>tarkoittava kirjallinen pyynt\u00f6 rekisterinpit\u00e4j\u00e4lle omak\u00e4tisesti allekirjoitetussa tai sit\u00e4 vastaavalla<br>tavalla varmennetussa asiakirjassa.<\/p>\n<p>Rekister\u00f6idyll\u00e4 on oikeus tehd\u00e4 valitus valvontaviranomaiselle Tietosuojavaltuutetun toimistoon,<br>jos h\u00e4n katsoo, ett\u00e4 h\u00e4nen henkil\u00f6tietojensa k\u00e4sittelyss\u00e4 on toimittu EU:n yleisen tietosuojaasetuksen<br>vastaisesti.<\/p>\t\t\t\t\t\t\t\t<\/div>\n\t\t\t\t<\/div>\n\t\t\t\t<div class=\"elementor-element elementor-element-e5ad04e elementor-widget-divider--view-line elementor-widget elementor-widget-divider\" data-id=\"e5ad04e\" data-element_type=\"widget\" data-e-type=\"widget\" data-widget_type=\"divider.default\">\n\t\t\t\t<div class=\"elementor-widget-container\">\n\t\t\t\t\t\t\t<div class=\"elementor-divider\">\n\t\t\t<span class=\"elementor-divider-separator\">\n\t\t\t\t\t\t<\/span>\n\t\t<\/div>\n\t\t\t\t\t\t<\/div>\n\t\t\t\t<\/div>\n\t\t\t\t\t<\/div>\n\t\t<\/div>\n\t\t\t\t\t<\/div>\n\t\t<\/section>\n\t\t\t\t<\/div>\n\t\t","protected":false},"excerpt":{"rendered":"<p>Tietosuojaseloste ja ev\u00e4steet EU:n yleisen tietosuoja-asetuksen 2016\/679 13 artiklan mukainen seloste P\u00e4ivitetty 20.3.2026 1. Rekisteri keminsuunauto.fi-verkkosivujen palaute ja yhteydenotto 2. Rekisterinpit\u00e4j\u00e4 Kemin Rengaspalvelu Oy \/ Keminsuun Auto 3. Yhteyshenkil\u00f6 rekisteri\u00e4 koskevissa asioissa Jari KorpiTeollisuuskyl\u00e4nraitti 21, 94450 Keminmaa, puhelinvaihde 0404845757 4. Henkil\u00f6tietojen k\u00e4sittelyn tarkoitus ja k\u00e4sittelyn oikeusperuste Palautelomakkeiden tarkoitus on tarjota mahdollisuus ottaa yhteytt\u00e4 ja antaa [&hellip;]<\/p>\n","protected":false},"author":1,"featured_media":0,"parent":0,"menu_order":0,"comment_status":"closed","ping_status":"closed","template":"","meta":{"site-sidebar-layout":"no-sidebar","site-content-layout":"page-builder","ast-site-content-layout":"default","site-content-style":"default","site-sidebar-style":"default","ast-global-header-display":"","ast-banner-title-visibility":"","ast-main-header-display":"","ast-hfb-above-header-display":"","ast-hfb-below-header-display":"","ast-hfb-mobile-header-display":"","site-post-title":"","ast-breadcrumbs-content":"","ast-featured-img":"disabled","footer-sml-layout":"","ast-disable-related-posts":"","theme-transparent-header-meta":"","adv-header-id-meta":"","stick-header-meta":"","header-above-stick-meta":"","header-main-stick-meta":"","header-below-stick-meta":"","astra-migrate-meta-layouts":"default","ast-page-background-enabled":"default","ast-page-background-meta":{"desktop":{"background-color":"var(--ast-global-color-4)","background-image":"","background-repeat":"repeat","background-position":"center center","background-size":"auto","background-attachment":"scroll","background-type":"","background-media":"","overlay-type":"","overlay-color":"","overlay-opacity":"","overlay-gradient":""},"tablet":{"background-color":"","background-image":"","background-repeat":"repeat","background-position":"center center","background-size":"auto","background-attachment":"scroll","background-type":"","background-media":"","overlay-type":"","overlay-color":"","overlay-opacity":"","overlay-gradient":""},"mobile":{"background-color":"","background-image":"","background-repeat":"repeat","background-position":"center center","background-size":"auto","background-attachment":"scroll","background-type":"","background-media":"","overlay-type":"","overlay-color":"","overlay-opacity":"","overlay-gradient":""}},"ast-content-background-meta":{"desktop":{"background-color":"var(--ast-global-color-5)","background-image":"","background-repeat":"repeat","background-position":"center center","background-size":"auto","background-attachment":"scroll","background-type":"","background-media":"","overlay-type":"","overlay-color":"","overlay-opacity":"","overlay-gradient":""},"tablet":{"background-color":"var(--ast-global-color-5)","background-image":"","background-repeat":"repeat","background-position":"center center","background-size":"auto","background-attachment":"scroll","background-type":"","background-media":"","overlay-type":"","overlay-color":"","overlay-opacity":"","overlay-gradient":""},"mobile":{"background-color":"var(--ast-global-color-5)","background-image":"","background-repeat":"repeat","background-position":"center center","background-size":"auto","background-attachment":"scroll","background-type":"","background-media":"","overlay-type":"","overlay-color":"","overlay-opacity":"","overlay-gradient":""}},"footnotes":""},"class_list":["post-196","page","type-page","status-publish","hentry"],"yoast_head":"<!-- This site is optimized with the Yoast SEO plugin v27.4 - https:\/\/yoast.com\/product\/yoast-seo-wordpress\/ -->\n<title>Tietosuojaseloste -<\/title>\n<meta name=\"robots\" content=\"index, follow, max-snippet:-1, max-image-preview:large, max-video-preview:-1\" \/>\n<link rel=\"canonical\" href=\"https:\/\/www.keminrengaspalvelu.com\/keminsuu\/tietosuoja\/\" \/>\n<meta property=\"og:locale\" content=\"fi_FI\" \/>\n<meta property=\"og:type\" content=\"article\" \/>\n<meta property=\"og:title\" content=\"Tietosuojaseloste -\" \/>\n<meta property=\"og:description\" content=\"Tietosuojaseloste ja ev\u00e4steet EU:n yleisen tietosuoja-asetuksen 2016\/679 13 artiklan mukainen seloste P\u00e4ivitetty 20.3.2026 1. Rekisteri keminsuunauto.fi-verkkosivujen palaute ja yhteydenotto 2. Rekisterinpit\u00e4j\u00e4 Kemin Rengaspalvelu Oy \/ Keminsuun Auto 3. Yhteyshenkil\u00f6 rekisteri\u00e4 koskevissa asioissa Jari KorpiTeollisuuskyl\u00e4nraitti 21, 94450 Keminmaa, puhelinvaihde 0404845757 4. Henkil\u00f6tietojen k\u00e4sittelyn tarkoitus ja k\u00e4sittelyn oikeusperuste Palautelomakkeiden tarkoitus on tarjota mahdollisuus ottaa yhteytt\u00e4 ja antaa [&hellip;]\" \/>\n<meta property=\"og:url\" content=\"https:\/\/www.keminrengaspalvelu.com\/keminsuu\/tietosuoja\/\" \/>\n<meta property=\"article:modified_time\" content=\"2026-03-20T18:08:46+00:00\" \/>\n<meta name=\"twitter:card\" content=\"summary_large_image\" \/>\n<meta name=\"twitter:label1\" content=\"Arvioitu lukuaika\" \/>\n\t<meta name=\"twitter:data1\" content=\"2 minuuttia\" \/>\n<script type=\"application\/ld+json\" class=\"yoast-schema-graph\">{\"@context\":\"https:\\\/\\\/schema.org\",\"@graph\":[{\"@type\":\"WebPage\",\"@id\":\"https:\\\/\\\/www.keminrengaspalvelu.com\\\/keminsuu\\\/tietosuoja\\\/\",\"url\":\"https:\\\/\\\/www.keminrengaspalvelu.com\\\/keminsuu\\\/tietosuoja\\\/\",\"name\":\"Tietosuojaseloste -\",\"isPartOf\":{\"@id\":\"https:\\\/\\\/www.keminrengaspalvelu.com\\\/keminsuu\\\/#website\"},\"datePublished\":\"2023-04-16T05:48:34+00:00\",\"dateModified\":\"2026-03-20T18:08:46+00:00\",\"breadcrumb\":{\"@id\":\"https:\\\/\\\/www.keminrengaspalvelu.com\\\/keminsuu\\\/tietosuoja\\\/#breadcrumb\"},\"inLanguage\":\"fi\",\"potentialAction\":[{\"@type\":\"ReadAction\",\"target\":[\"https:\\\/\\\/www.keminrengaspalvelu.com\\\/keminsuu\\\/tietosuoja\\\/\"]}]},{\"@type\":\"BreadcrumbList\",\"@id\":\"https:\\\/\\\/www.keminrengaspalvelu.com\\\/keminsuu\\\/tietosuoja\\\/#breadcrumb\",\"itemListElement\":[{\"@type\":\"ListItem\",\"position\":1,\"name\":\"Etusivu\",\"item\":\"https:\\\/\\\/www.keminrengaspalvelu.com\\\/keminsuu\\\/\"},{\"@type\":\"ListItem\",\"position\":2,\"name\":\"Tietosuojaseloste\"}]},{\"@type\":\"WebSite\",\"@id\":\"https:\\\/\\\/www.keminrengaspalvelu.com\\\/keminsuu\\\/#website\",\"url\":\"https:\\\/\\\/www.keminrengaspalvelu.com\\\/keminsuu\\\/\",\"name\":\"\",\"description\":\"\",\"potentialAction\":[{\"@type\":\"SearchAction\",\"target\":{\"@type\":\"EntryPoint\",\"urlTemplate\":\"https:\\\/\\\/www.keminrengaspalvelu.com\\\/keminsuu\\\/?s={search_term_string}\"},\"query-input\":{\"@type\":\"PropertyValueSpecification\",\"valueRequired\":true,\"valueName\":\"search_term_string\"}}],\"inLanguage\":\"fi\"}]}<\/script>\n<!-- \/ Yoast SEO plugin. -->","yoast_head_json":{"title":"Tietosuojaseloste -","robots":{"index":"index","follow":"follow","max-snippet":"max-snippet:-1","max-image-preview":"max-image-preview:large","max-video-preview":"max-video-preview:-1"},"canonical":"https:\/\/www.keminrengaspalvelu.com\/keminsuu\/tietosuoja\/","og_locale":"fi_FI","og_type":"article","og_title":"Tietosuojaseloste -","og_description":"Tietosuojaseloste ja ev\u00e4steet EU:n yleisen tietosuoja-asetuksen 2016\/679 13 artiklan mukainen seloste P\u00e4ivitetty 20.3.2026 1. Rekisteri keminsuunauto.fi-verkkosivujen palaute ja yhteydenotto 2. Rekisterinpit\u00e4j\u00e4 Kemin Rengaspalvelu Oy \/ Keminsuun Auto 3. Yhteyshenkil\u00f6 rekisteri\u00e4 koskevissa asioissa Jari KorpiTeollisuuskyl\u00e4nraitti 21, 94450 Keminmaa, puhelinvaihde 0404845757 4. Henkil\u00f6tietojen k\u00e4sittelyn tarkoitus ja k\u00e4sittelyn oikeusperuste Palautelomakkeiden tarkoitus on tarjota mahdollisuus ottaa yhteytt\u00e4 ja antaa [&hellip;]","og_url":"https:\/\/www.keminrengaspalvelu.com\/keminsuu\/tietosuoja\/","article_modified_time":"2026-03-20T18:08:46+00:00","twitter_card":"summary_large_image","twitter_misc":{"Arvioitu lukuaika":"2 minuuttia"},"schema":{"@context":"https:\/\/schema.org","@graph":[{"@type":"WebPage","@id":"https:\/\/www.keminrengaspalvelu.com\/keminsuu\/tietosuoja\/","url":"https:\/\/www.keminrengaspalvelu.com\/keminsuu\/tietosuoja\/","name":"Tietosuojaseloste -","isPartOf":{"@id":"https:\/\/www.keminrengaspalvelu.com\/keminsuu\/#website"},"datePublished":"2023-04-16T05:48:34+00:00","dateModified":"2026-03-20T18:08:46+00:00","breadcrumb":{"@id":"https:\/\/www.keminrengaspalvelu.com\/keminsuu\/tietosuoja\/#breadcrumb"},"inLanguage":"fi","potentialAction":[{"@type":"ReadAction","target":["https:\/\/www.keminrengaspalvelu.com\/keminsuu\/tietosuoja\/"]}]},{"@type":"BreadcrumbList","@id":"https:\/\/www.keminrengaspalvelu.com\/keminsuu\/tietosuoja\/#breadcrumb","itemListElement":[{"@type":"ListItem","position":1,"name":"Etusivu","item":"https:\/\/www.keminrengaspalvelu.com\/keminsuu\/"},{"@type":"ListItem","position":2,"name":"Tietosuojaseloste"}]},{"@type":"WebSite","@id":"https:\/\/www.keminrengaspalvelu.com\/keminsuu\/#website","url":"https:\/\/www.keminrengaspalvelu.com\/keminsuu\/","name":"","description":"","potentialAction":[{"@type":"SearchAction","target":{"@type":"EntryPoint","urlTemplate":"https:\/\/www.keminrengaspalvelu.com\/keminsuu\/?s={search_term_string}"},"query-input":{"@type":"PropertyValueSpecification","valueRequired":true,"valueName":"search_term_string"}}],"inLanguage":"fi"}]}},"_links":{"self":[{"href":"http:\/\/www.keminrengaspalvelu.com\/keminsuu\/wp-json\/wp\/v2\/pages\/196","targetHints":{"allow":["GET"]}}],"collection":[{"href":"http:\/\/www.keminrengaspalvelu.com\/keminsuu\/wp-json\/wp\/v2\/pages"}],"about":[{"href":"http:\/\/www.keminrengaspalvelu.com\/keminsuu\/wp-json\/wp\/v2\/types\/page"}],"author":[{"embeddable":true,"href":"http:\/\/www.keminrengaspalvelu.com\/keminsuu\/wp-json\/wp\/v2\/users\/1"}],"replies":[{"embeddable":true,"href":"http:\/\/www.keminrengaspalvelu.com\/keminsuu\/wp-json\/wp\/v2\/comments?post=196"}],"version-history":[{"count":9,"href":"http:\/\/www.keminrengaspalvelu.com\/keminsuu\/wp-json\/wp\/v2\/pages\/196\/revisions"}],"predecessor-version":[{"id":286,"href":"http:\/\/www.keminrengaspalvelu.com\/keminsuu\/wp-json\/wp\/v2\/pages\/196\/revisions\/286"}],"wp:attachment":[{"href":"http:\/\/www.keminrengaspalvelu.com\/keminsuu\/wp-json\/wp\/v2\/media?parent=196"}],"curies":[{"name":"wp","href":"https:\/\/api.w.org\/{rel}","templated":true}]}}